{"id":21932,"date":"2020-06-16T12:02:02","date_gmt":"2020-06-16T10:02:02","guid":{"rendered":"https:\/\/www.kaspersky.it\/blog\/?page_id=21932"},"modified":"2022-05-05T17:53:21","modified_gmt":"2022-05-05T15:53:21","slug":"love-and-loneliness","status":"publish","type":"page","link":"https:\/\/www.kaspersky.it\/blog\/love-and-loneliness\/","title":{"rendered":"Amore e solitudine: come cambiano i sentimenti a seguito di una pandemia."},"content":{"rendered":"<p>Lockdown: quattro mesi fa, la maggior parte delle persone non aveva mai sentito nominare questa parola e conduceva una vita pressoch\u00e9 normale. Ora, invece, mentre molti sono ancora in lockdown o stanno iniziando ad uscirne a poco a poco, vale la pena osservare come questa pandemia abbia influito sulla nostra salute mentale ed emotiva e capire quale ruolo abbia avuto la tecnologia in questo momento cos\u00ec delicato, tecnologia che ci ha mantenuti connessi gli uni agli altri.<\/p>\n<p>Esiste la crescente preoccupazione che, con il protrarsi del lockdown, coloro che sono rimasti in casa con poca o nessuna interazione sociale con amici o famigliari, inizino a patire le conseguenze emotive di questa situazione. Di fatto, una nuova <a href=\"https:\/\/media.kasperskydaily.com\/wp-content\/uploads\/sites\/86\/2020\/06\/09142852\/KAS0739-Kaspersky-Find-your-tribe-report-v3.pdf\" target=\"_blank\" rel=\"noopener noreferrer\">ricerca<\/a> di Kaspersky ha dimostrato che, in realt\u00e0, il problema della solitudine non \u00e8 nato all\u2019improvviso: <a href=\"https:\/\/media.kasperskydaily.com\/wp-content\/uploads\/sites\/86\/2020\/06\/17160234\/Kaspersky-Find-my-tribe-infographic_IT-def.pdf\" target=\"_blank\" rel=\"noopener noreferrer\">il 40% degli italiani intervistati<\/a> si sentiva gi\u00e0 solo ancor prima che iniziasse il lockdown.<\/p>\n<p><a href=\"https:\/\/media.kasperskydaily.com\/wp-content\/uploads\/sites\/89\/2020\/06\/17180158\/love-and-loneliness-2.jpg\"><img loading=\"lazy\" decoding=\"async\" src=\"https:\/\/media.kasperskydaily.com\/wp-content\/uploads\/sites\/89\/2020\/06\/17180158\/love-and-loneliness-2.jpg\" alt=\"Senso di solitudine: un problema in crescita\" width=\"1136\" height=\"1204\" class=\"aligncenter size-full wp-image-22032\"><\/a><\/p>\n<p>Un\u2019altra sorpresa riscontrata \u00e8 stata quella legata alla Generazione Z: nonostante la naturale predisposizione per tutto ci\u00f2 che \u00e8 tecnologico, i nati nella seconda met\u00e0 degli anni \u201990 e la fine degli anni 2000 stanno patendo molto questa situazione: quasi il 74% degli intervistati appartenenti a questa generazione ha ammesso di essersi sentito solo durante il lockdown, rispetto ad appena il 49% della generazione dei baby-boomer (1946-1964).<\/p>\n<p><a href=\"https:\/\/media.kasperskydaily.com\/wp-content\/uploads\/sites\/89\/2020\/06\/09152811\/IT_emm_quote.jpg\"><img loading=\"lazy\" decoding=\"async\" src=\"https:\/\/media.kasperskydaily.com\/wp-content\/uploads\/sites\/89\/2020\/06\/09152811\/IT_emm_quote.jpg\" alt=\"Senso di solitudine: un problema in crescita\" width=\"1200\" height=\"630\" class=\"aligncenter size-full wp-image-21933\"><\/a><\/p>\n<p>\u201cAlcuni servizi che un tempo venivano utilizzati in modo sporadico, come le videochiamate o la possibilit\u00e0 di fare spesa online, ora sono diventati praticamente essenziali\u201d.<\/p>\n<p>In che modo le persone possono aiutare s\u00e9 stesse e i propri cari a rimanere in contatto?\u00a0 La tecnologia costituisce un fattore di fondamentale importanza. Siamo fortunati a vivere in un\u2019epoca in cui la tecnologia delle comunicazioni sia gratuita e alla portata di tutti. Tuttavia, in questo frangente \u00e8 pi\u00f9 importante che mai pensare alla sicurezza di queste tecnologie e all\u2019uso che ne facciamo. Per questo, vogliamo proporvi alcuni ottimi consigli per una <a href=\"https:\/\/www.kaspersky.it\/blog\/coronavirus-digital-survivor-guide\/21278\/\" target=\"_blank\" rel=\"noopener\">vita digitale sicura<\/a> e per la <a href=\"https:\/\/www.kaspersky.it\/blog\/smartphone-physical-cleaning\/21120\/\" target=\"_blank\" rel=\"noopener\">pulizia dei vostri dispositivi<\/a>.<\/p>\n","protected":false},"excerpt":{"rendered":"<p>Lockdown: quattro mesi fa, la maggior parte delle persone non aveva mai sentito nominare questa parola e conduceva una vita pressoch\u00e9 normale. Ora, invece, mentre molti sono ancora in lockdown<\/p>\n","protected":false},"author":2706,"featured_media":21933,"parent":0,"menu_order":0,"comment_status":"closed","ping_status":"closed","template":"","meta":{"_acf_changed":false,"footnotes":""},"categories":[],"class_list":["post-21932","page","type-page","status-publish","has-post-thumbnail"],"hreflang":[{"hreflang":"it","url":"https:\/\/www.kaspersky.it\/blog\/love-and-loneliness\/"},{"hreflang":"en-gb","url":"https:\/\/www.kaspersky.co.uk\/blog\/love-and-loneliness\/"},{"hreflang":"es","url":"https:\/\/www.kaspersky.es\/blog\/love-and-loneliness\/"},{"hreflang":"fr","url":"https:\/\/www.kaspersky.fr\/blog\/love-and-loneliness\/"},{"hreflang":"de","url":"https:\/\/www.kaspersky.de\/blog\/love-and-loneliness\/"}],"acf":[],"banners":"","is_landing":true,"_links":{"self":[{"href":"https:\/\/www.kaspersky.it\/blog\/wp-json\/wp\/v2\/pages\/21932","targetHints":{"allow":["GET"]}}],"collection":[{"href":"https:\/\/www.kaspersky.it\/blog\/wp-json\/wp\/v2\/pages"}],"about":[{"href":"https:\/\/www.kaspersky.it\/blog\/wp-json\/wp\/v2\/types\/page"}],"author":[{"embeddable":true,"href":"https:\/\/www.kaspersky.it\/blog\/wp-json\/wp\/v2\/users\/2706"}],"replies":[{"embeddable":true,"href":"https:\/\/www.kaspersky.it\/blog\/wp-json\/wp\/v2\/comments?post=21932"}],"version-history":[{"count":5,"href":"https:\/\/www.kaspersky.it\/blog\/wp-json\/wp\/v2\/pages\/21932\/revisions"}],"predecessor-version":[{"id":22062,"href":"https:\/\/www.kaspersky.it\/blog\/wp-json\/wp\/v2\/pages\/21932\/revisions\/22062"}],"wp:featuredmedia":[{"embeddable":true,"href":"https:\/\/www.kaspersky.it\/blog\/wp-json\/wp\/v2\/media\/21933"}],"wp:attachment":[{"href":"https:\/\/www.kaspersky.it\/blog\/wp-json\/wp\/v2\/media?parent=21932"}],"wp:term":[{"taxonomy":"category","embeddable":true,"href":"https:\/\/www.kaspersky.it\/blog\/wp-json\/wp\/v2\/categories?post=21932"}],"curies":[{"name":"wp","href":"https:\/\/api.w.org\/{rel}","templated":true}]}}