{"id":17486,"date":"2019-06-21T12:56:33","date_gmt":"2019-06-21T10:56:33","guid":{"rendered":"https:\/\/www.kaspersky.it\/blog\/?page_id=17486"},"modified":"2022-05-05T17:53:22","modified_gmt":"2022-05-05T15:53:22","slug":"can-you-just","status":"publish","type":"page","link":"https:\/\/www.kaspersky.it\/blog\/can-you-just\/","title":{"rendered":"Mi potresti\u2026"},"content":{"rendered":"<style>#container { margin-top: 0;}#main { background: white; font-family: \"Museosanscyrl\", Helvetica, Arial, sans-serif; font-size: 1.125rem; margin: 0; width: 100% !important;}#main * { box-sizing: border-box; line-height: 150%;}#main p { font-size: 22px;}#main .container { max-width: 1030px; margin: auto;}#main .full-width { padding: 80px; margin: 40px 0; min-height: 600px; display: flex; justify-content: center; flex-direction: column;}#main .lead-row { margin-top: 0; text-align: center; background: linear-gradient(rgba(0, 109, 92, 0.6), rgba(0, 109, 92, 0.6)), url(https:\/\/media.kasperskydaily.com\/wp-content\/uploads\/sites\/92\/2019\/05\/30052522\/can-you-just-featured.jpg); background-position-y: 25%; background-size: cover; color: white; font-size: 1.5em;}#main h1 { margin-bottom: 60px; font-size: 3em;}#main h2 { font-size: 2em;}#main h1,#main h2 { text-align: center;}#main img { max-width: 100%; margin: 3rem 0;}#main .video-block .thumb-wrap { position: relative; padding-bottom: 56.25%; height: 0; overflow: hidden; margin: 3rem 0; width: 100%;}#main .video-block .thumb-wrap iframe { margin: 0; position: absolute; top: 0; left: 0; width: 100%; height: 100%;}#main .how-to-list { color: white; background: url(https:\/\/media.kasperskydaily.com\/wp-content\/uploads\/sites\/92\/2019\/04\/16110459\/B2C-pattern.jpg); background-size: cover;}#main .how-to-list ul { display: grid; grid-gap: 25px; grid-template-columns: repeat(auto-fit, minmax(270px, 1fr)); margin: 0!important; margin-top: 40px!important; list-style: none; padding: 0;}#main .how-to-list ul li { display: block; border: 2px solid white; text-align: center; margin: 0; padding: 0; font-size: 22px;}#main .how-to-list ul li:before { content: none; opacity: 0;}#main .how-to-list ul li a { color: white; text-decoration: none; width: 100%; height: 100%; display: block; padding: 60px 40px; box-sizing: border-box;}#main .how-to-list ul li a:before { content: \"\"; display: block; width: 65px; height: 65px; margin: 20px auto; background: url(https:\/\/media.kasperskydaily.com\/wp-content\/uploads\/sites\/92\/2019\/05\/30064756\/download-pdf-icon1.png); background-size: contain; transition: 300ms; opacity: 0.75;}#main .how-to-list ul li a:hover:before { opacity: 1;}#main .how-to-list ul li:hover { background: rgba(255, 255, 255, 0.15);}#main .subsribe-text { display: flex; align-items: center;}#main .subsribe-text .logo-text { float: left; display: block; text-transform: uppercase; background: #ed2939; font-size: 18px; font-family: \"Museosanscyrl\", Helvetica, Arial, sans-serif; font-weight: 900; padding: 1px 2px 0 1px; margin-right: 10px; color: #fff;}#main .subsribe-text .fa-twitter { color: white; background: #55acee; padding: 5px; margin-right: 10px; width: 28px; height: 28px; font-size: 20px; display: flex; align-items: center;}@media (max-width: 992px) { #main .full-width { min-height: 100vh; padding: 0; } #main .container { padding: 20px; } #main h1 { font-size: 2em; } #main h2 { text-align: left; } #main h3 { font-size: 1em; font-weight: normal; } #main h1, #main h2, #main h3 { margin: 1rem 0 !important; text-align: left; } #main .lead-row { margin-bottom: 0; }} .how-to-button{margin-top:1em;border: 2px solid white; display: inline-block; padding: 10px 70px;max-width:100%;color:white!important;}.how-to-button:hover{text-decoration:none!important;background:#ffffff50}<\/style>\n<div id=\"main1\">\n<div class=\"lead-row full-width\">\n<div class=\"container\">\n<h1>MI POTRESTI\u2026<\/h1>\n<h3>La tecnologia \u00e8 fantastica, vero? Finch\u00e9 non va male\u2026 <br>in questo caso pu\u00f2 causare pi\u00f9 problemi di quanti ne risolve.<\/h3>\n<h3> E oggi non c\u2019\u00e8 modo di evitarlo!<\/h3>\n<h3><a target=\"_blank\" href=\"#how-to\" class=\"how-to-button\" style=\"color:white!important\" rel=\"noopener noreferrer\">How to<\/a><\/h3>\n<\/div>\n<\/div>\n<div class=\"container\">\n<h2>Mi potresti\u2026<\/h2>\n<p>Quando un dispositivo smette di funzionare, di solito puoi trovarti di fronte a due opzioni: quello del \u201cVediamo se riesco a sistemarlo\u201d o quello del \u201ccosa faccio adesso? <a target=\"_blank\" href=\"https:\/\/media.kasperskydaily.com\/wp-content\/uploads\/sites\/89\/2019\/06\/20141243\/Can-you-just-E28093-Report.pdf\" rel=\"noopener noreferrer\">Da una nuova ricerca di Kaspersky<\/a> \u00e8 emerso che la vecchia generazione si affida sempre pi\u00f9 spesso ad amici e familiari pi\u00f9 giovani per risolvere i problemi con la tecnologia.<\/p>\n<div class=\"video-block\">\n<div class=\"thumb-wrap\"> <iframe loading=\"lazy\" width=\"560\" height=\"315\" src=\"https:\/\/www.youtube.com\/embed\/R_iMUkzjyFo?controls=0\" frameborder=\"0\" allow=\"accelerometer; autoplay; encrypted-media; gyroscope; picture-in-picture\" allowfullscreen><\/iframe> <\/div>\n<\/div>\n<p>Vogliamo dimostrarvi che, a prescindere dalla vostra et\u00e0 e dalle vostre capacit\u00e0 tecniche, con le nostre utili guide, TUTTI possono risolvere i propri problemi con la tecnologia e diventare pi\u00f9 autosufficiente, in modo che nessuno debba sentirsi dipendente da altri o costretto a risolvere i problemi tecnici dei parenti pi\u00f9 \u201csenior\u201d.<\/p>\n<p> <img decoding=\"async\" class=\"aligncenter size-full wp-image-27100\" src=\"https:\/\/media.kasperskydaily.com\/wp-content\/uploads\/sites\/89\/2019\/06\/21125334\/20190524_Infographic_CanYouJust_IT-08.jpg\" alt=\"\"> <\/p><\/div>\n<div class=\"how-to-list full-width\">\n<div id=\"how-to\" class=\"container\">\n<h2>How to\u2026<\/h2>\n<p>Di seguito sono riportate alcune istruzioni pratiche per aiutarvi ad affrontare alcuni dei problemi pi\u00f9 comuni. Sono tutte chiare e facili da capire, in modo che tutti possano usarle! Come si fa a:<\/p>\n<ul>\n<li><a target=\"_blank\" href=\"https:\/\/media.kasperskydaily.com\/wp-content\/uploads\/sites\/89\/2019\/06\/20141236\/KAS0452-Kaspersky-How-To-Combat-Viruses-A3-AW.pdf\" rel=\"noopener noreferrer\">Combattere i virus<\/a><\/li>\n<li><a target=\"_blank\" href=\"https:\/\/media.kasperskydaily.com\/wp-content\/uploads\/sites\/89\/2019\/06\/20141229\/KAS0452-Kaspersky-How-To-Detect-Scams-A3-AW.pdf\" rel=\"noopener noreferrer\">Individuare le truffe<\/a><\/li>\n<li><a target=\"_blank\" href=\"https:\/\/media.kasperskydaily.com\/wp-content\/uploads\/sites\/89\/2019\/06\/20141230\/KAS0452-Kaspersky-How-To-Reset-A-Router-A3-AW.pdf\" rel=\"noopener noreferrer\">Reimpostare il router internet<\/a><\/li>\n<li><a target=\"_blank\" href=\"https:\/\/media.kasperskydaily.com\/wp-content\/uploads\/sites\/89\/2019\/06\/20141232\/KAS0452-Kaspersky-How-To-Set-Strong-Passwords-A3-AW.pdf\" rel=\"noopener noreferrer\">Impostare una password forte e sicura<\/a><\/li>\n<li><a target=\"_blank\" href=\"https:\/\/media.kasperskydaily.com\/wp-content\/uploads\/sites\/89\/2019\/06\/20141233\/KAS0452-Kaspersky-How-To-Shop-Safely-A3-AW.pdf\" rel=\"noopener noreferrer\">Fare acquisti online in modo sicuro<\/a><\/li>\n<li><a target=\"_blank\" href=\"https:\/\/media.kasperskydaily.com\/wp-content\/uploads\/sites\/89\/2019\/06\/20141235\/KAS0452-Kaspersky-How-To-Use-Security-Protection-A3-AW.pdf\" rel=\"noopener noreferrer\">Utilizzare una soluzione di sicurezza<\/a><\/li>\n<\/ul><\/div>\n<\/div>\n<div class=\"container\">\n<h2>Una forza lavoro non retribuita<\/h2>\n<p> Ma cosa succede se sei dall\u2019altra parte della barricata e ricevi costanti richieste di aiuto da amici e familiari? La formazione \u00e8 la chiave che aiuter\u00e0 la maggior parte dei membri della famiglia a diventare meno dipendenti dagli altri \u2013 quindi se ricevete continue richieste dai vostri familiari potete iniziare segnalandogli questa pagina!<\/p>\n<p> <img decoding=\"async\" class=\"aligncenter size-full wp-image-27099\" src=\"https:\/\/media.kasperskydaily.com\/wp-content\/uploads\/sites\/89\/2019\/06\/21125421\/20190524_Infographic_CanYouJust_IT-09.jpg\" alt=\"\"> <\/p>\n<p>Per avere maggiori informazioni, consigli e trucchi su come andare d\u2019accordo con la tecnologia, consultate <a target=\"_blank\" href=\"https:\/\/www.kaspersky.it\/blog\/category\/tips\/\" rel=\"noopener noreferrer\">il blog di Kaspersky<\/a> oppure <a target=\"_blank\" href=\"https:\/\/twitter.com\/kasperskylabit\" rel=\"noopener noreferrer nofollow\">seguici su Twitter<\/a><\/p>\n<\/div>\n<\/div>\n","protected":false},"excerpt":{"rendered":"<p>Da una nuova ricerca di Kaspersky \u00e8 emerso che la vecchia generazione si affida sempre pi\u00f9 spesso ad amici e familiari pi\u00f9 giovani per risolvere i problemi con la tecnologia.<\/p>\n","protected":false},"author":2706,"featured_media":17493,"parent":0,"menu_order":0,"comment_status":"closed","ping_status":"closed","template":"","meta":{"_acf_changed":false,"footnotes":""},"categories":[],"class_list":["post-17486","page","type-page","status-publish","has-post-thumbnail"],"hreflang":[{"hreflang":"it","url":"https:\/\/www.kaspersky.it\/blog\/can-you-just\/"},{"hreflang":"es","url":"https:\/\/www.kaspersky.es\/blog\/can-you-just\/"},{"hreflang":"x-default","url":"https:\/\/www.kaspersky.com\/blog\/can-you-just\/"},{"hreflang":"fr","url":"https:\/\/www.kaspersky.fr\/blog\/can-you-just\/"},{"hreflang":"pt-br","url":"https:\/\/www.kaspersky.com.br\/blog\/can-you-just\/"},{"hreflang":"de","url":"https:\/\/www.kaspersky.de\/blog\/can-you-just\/"},{"hreflang":"nl","url":"https:\/\/www.kaspersky.nl\/blog\/can-you-just\/"}],"acf":[],"banners":"","is_landing":true,"_links":{"self":[{"href":"https:\/\/www.kaspersky.it\/blog\/wp-json\/wp\/v2\/pages\/17486","targetHints":{"allow":["GET"]}}],"collection":[{"href":"https:\/\/www.kaspersky.it\/blog\/wp-json\/wp\/v2\/pages"}],"about":[{"href":"https:\/\/www.kaspersky.it\/blog\/wp-json\/wp\/v2\/types\/page"}],"author":[{"embeddable":true,"href":"https:\/\/www.kaspersky.it\/blog\/wp-json\/wp\/v2\/users\/2706"}],"replies":[{"embeddable":true,"href":"https:\/\/www.kaspersky.it\/blog\/wp-json\/wp\/v2\/comments?post=17486"}],"version-history":[{"count":4,"href":"https:\/\/www.kaspersky.it\/blog\/wp-json\/wp\/v2\/pages\/17486\/revisions"}],"predecessor-version":[{"id":21449,"href":"https:\/\/www.kaspersky.it\/blog\/wp-json\/wp\/v2\/pages\/17486\/revisions\/21449"}],"wp:featuredmedia":[{"embeddable":true,"href":"https:\/\/www.kaspersky.it\/blog\/wp-json\/wp\/v2\/media\/17493"}],"wp:attachment":[{"href":"https:\/\/www.kaspersky.it\/blog\/wp-json\/wp\/v2\/media?parent=17486"}],"wp:term":[{"taxonomy":"category","embeddable":true,"href":"https:\/\/www.kaspersky.it\/blog\/wp-json\/wp\/v2\/categories?post=17486"}],"curies":[{"name":"wp","href":"https:\/\/api.w.org\/{rel}","templated":true}]}}